{"id":2,"date":"2016-09-15T14:28:51","date_gmt":"2016-09-15T20:28:51","guid":{"rendered":"http:\/\/malla-plastica.com\/?page_id=2"},"modified":"2021-08-23T12:05:34","modified_gmt":"2021-08-23T18:05:34","slug":"pagina-de-ejemplo","status":"publish","type":"page","link":"https:\/\/malla-plastica.com\/","title":{"rendered":"GU\u00cdA DE CULTIVO DE ADORMIDERA Y LA MALLA TUTORA PARA FLORES"},"content":{"rendered":"<h1 style=\"text-align: center;\"><em><strong>GU\u00cdA\u00a0DE CULTIVO DE ADORMIDERA Y LA MALLA TUTORA PARA FLORES<\/strong><\/em><\/h1>\n<figure id=\"attachment_9\" aria-describedby=\"caption-attachment-9\" style=\"width: 187px\" class=\"wp-caption aligncenter\"><img loading=\"lazy\" decoding=\"async\" class=\"size-full wp-image-9\" src=\"https:\/\/malla-plastica.com\/wp-content\/uploads\/2016\/09\/Flor-Amapola.jpg\" alt=\"Cultivo de flor de amapola.\" width=\"187\" height=\"231\" \/><figcaption id=\"caption-attachment-9\" class=\"wp-caption-text\">Flor de amapola.<\/figcaption><\/figure>\n<p style=\"text-align: justify;\">La malla tutora para flores es una muy buena herramienta para el cultivo de\u00a0adormidera. La adormidera es una planta de f\u00e1cil crecimiento, tambi\u00e9n conocida como amapola o planta del opio. Esta planta tiene gran importancia, puede ser utilizada como alimento antes de que florezca, tiene usos medicinales y usos industriales.<\/p>\n<figure id=\"attachment_10\" aria-describedby=\"caption-attachment-10\" style=\"width: 182px\" class=\"wp-caption alignright\"><img loading=\"lazy\" decoding=\"async\" class=\" wp-image-10\" src=\"https:\/\/malla-plastica.com\/wp-content\/uploads\/2016\/09\/Malla-tutora-para-flores.jpg\" alt=\"Cultivo entutorado.\" width=\"182\" height=\"167\" \/><figcaption id=\"caption-attachment-10\" class=\"wp-caption-text\">Cultivo de flor entutorado con malla tutora para flor.<\/figcaption><\/figure>\n<p style=\"text-align: justify;\">Para llevar a cabo el cultivo de esta planta solo tendremos que tener \u00a0un soporte para el\u00a0tallo y las flores. \u00a0Con este soporte podremos mantener la planta en muy buen estado. La malla tutora para flores optimizara el espacio y mejorara el desarrollo y distribuci\u00f3n de la planta.<\/p>\n<p style=\"text-align: justify;\">La temporada de siembra empieza en oto\u00f1o o a principios de primavera, esto depender\u00e1 del clima de la zona.<\/p>\n<p style=\"text-align: justify;\">A la hora de sembrar tenemos que tener en cuenta que el \u00e1rea debe estar h\u00fameda. Ser\u00e1 necesario esparcir las semillas por encima y las cubriremos con una capa delgada de sustrato. Esto es para que las semillas no tengan problema al momento de germinar.<\/p>\n<p style=\"text-align: justify;\">El riego tiene que ser muy cuidadosamente para no\u00a0 quitar la capa de sustrato que cubre las semillas; para esto podemos utilizar una regadera con perforaciones muy finas para que el agua salga esparcida y con poca potencia. Este tipo de regaderas funciona bien para el riego de alm\u00e1cigos. La tierra tiene que tener suficiente humedad hasta que germinen las semillas posteriormente el riego deber\u00e1 disminuir.<\/p>\n<p style=\"text-align: justify;\">Las semillas germinaran en una semana aproximadamente.<\/p>\n<p style=\"text-align: justify;\">La <a href=\"https:\/\/www.unavarra.es\/herbario\/htm\/plantula_BAMH_01.htm#:~:text=Se%20denomina%20pl%C3%A1ntula%20a%20la,desarrollan%20las%20primeras%20hojas%20verdaderas.\">pl\u00e1ntula<\/a> desarrollara hojas parecidas a las de una lechuga entonces ese ser\u00e1 el momento indicado para realizar el trasplante.<\/p>\n<p style=\"text-align: justify;\">La adormidera es una planta que necesita una buena cantidad de nutrientes. Par tener un buen desarrollo entonces necesitaremos un espacio de 30 cm. entre planta y planta.<\/p>\n<p style=\"text-align: justify;\">Si el\u00a0\u00e1rea de siembra\u00a0esta fertilizada y abonada\u00a0se puede reducir el espacio entre las plantas\u00a0a 15 cm.<\/p>\n<p style=\"text-align: justify;\">Observaremos que aparecer\u00e1 el capullo en la punta. En un principio el brote se va a doblar por el peso que el capullo tiene. No te preocupes solo ser\u00e1 necesario tener instalada <strong>una <\/strong>malla tutora para flores<strong>.\u00a0<\/strong><\/p>\n<h2 style=\"text-align: justify;\">Esta malla\u00a0le da soporte al tallo y mantiene las flores en excelentes condiciones.<\/h2>\n<figure id=\"attachment_11\" aria-describedby=\"caption-attachment-11\" style=\"width: 236px\" class=\"wp-caption alignleft\"><img loading=\"lazy\" decoding=\"async\" class=\" wp-image-11\" src=\"https:\/\/malla-plastica.com\/wp-content\/uploads\/2016\/09\/Flores-de-amapola-con-malla-tutora.jpg\" alt=\"Malla tutora para flores.\" width=\"236\" height=\"208\" \/><figcaption id=\"caption-attachment-11\" class=\"wp-caption-text\">Malla tutora para flores, le da soporte al tallo y mantiene la flor en buen estado.<\/figcaption><\/figure>\n<p style=\"text-align: justify;\">Es muy importante tener la <strong>malla tutora\u00a0 para flores.<\/strong> Esta malla le dar\u00e1 infinidad de beneficios a los cultivos de flor. Al mismo tiempo en el sentido econ\u00f3mico el beneficio tambi\u00e9n es para el agricultor.<\/p>\n<p style=\"text-align: justify;\"><strong>Los beneficios pueden ser:<\/strong><\/p>\n<p style=\"text-align: justify;\">Mejora la distribuci\u00f3n. El desarrollo de las plantas es mejor, optimiza espacio de cultivo y facilita el proceso de corte y recolecci\u00f3n.<\/p>\n<p style=\"text-align: justify;\">Las labores de cultivo que se realizan ser\u00e1n mas sencillas.<\/p>\n<p style=\"text-align: justify;\">La\u00a0cosecha de flores de calidad, implica que\u00a0el cultivo tenga la instalaci\u00f3n de la malla tutora para flores.<\/p>\n<p style=\"text-align: justify;\">Ser\u00e1 necesario seguir regando y abonando la\u00a0 planta hasta que comience a florecer. Cuando observemos los primeros p\u00e9talos tenemos que disminuir aun m\u00e1s el riego. El exceso de humedad puede da\u00f1ar las flores.<\/p>\n<figure id=\"attachment_12\" aria-describedby=\"caption-attachment-12\" style=\"width: 216px\" class=\"wp-caption alignright\"><img loading=\"lazy\" decoding=\"async\" class=\" wp-image-12\" src=\"https:\/\/malla-plastica.com\/wp-content\/uploads\/2016\/09\/Vaina-de-amapola.jpg\" alt=\"Vaina de amapola.\" width=\"216\" height=\"194\" \/><figcaption id=\"caption-attachment-12\" class=\"wp-caption-text\">Vaina de amapola seca, y ya lista para extraer la semilla.<\/figcaption><\/figure>\n<p style=\"text-align: justify;\">Para obtener la semilla tenemos que esperar a que las vainas se sequen completamente.<\/p>\n<p style=\"text-align: justify;\">una vez secas podremos abrir los capullos y esparcir las semillas sobre una hoja de peri\u00f3dico.<\/p>\n<p style=\"text-align: justify;\">Podemos sembrar las semillas obtenidas o podemos guardarlas por tiempo indeterminado.<\/p>\n","protected":false},"excerpt":{"rendered":"<p>GU\u00cdA\u00a0DE CULTIVO DE ADORMIDERA Y LA MALLA TUTORA PARA FLORES La malla tutora para flores es una muy buena herramienta para el cultivo de\u00a0adormidera. La adormidera es una planta de f\u00e1cil crecimiento, tambi\u00e9n conocida como amapola o planta del opio. Esta planta tiene gran importancia, puede ser utilizada como alimento antes de que florezca, tiene [&hellip;]<\/p>\n","protected":false},"author":1,"featured_media":0,"parent":0,"menu_order":0,"comment_status":"closed","ping_status":"open","template":"","meta":{"footnotes":""},"class_list":["post-2","page","type-page","status-publish","hentry"],"yoast_head":"<!-- This site is optimized with the Yoast SEO plugin v26.2 - https:\/\/yoast.com\/wordpress\/plugins\/seo\/ -->\n<title>La malla tutora para flores da soporte al tallo y mantiene la flor excelente<\/title>\n<meta name=\"description\" content=\"La malla tutora para flores mejora la distribuci\u00f3n y desarrollo de las plantas, optimiza el espacio del cultivo, facilita el proceso de corte y recolecci\u00f3n.\" \/>\n<meta name=\"robots\" content=\"index, follow, max-snippet:-1, max-image-preview:large, max-video-preview:-1\" \/>\n<link rel=\"canonical\" href=\"https:\/\/malla-plastica.com\/\" \/>\n<meta property=\"og:locale\" content=\"es_MX\" \/>\n<meta property=\"og:type\" content=\"article\" \/>\n<meta property=\"og:title\" content=\"La malla tutora para flores da soporte al tallo y mantiene la flor excelente\" \/>\n<meta property=\"og:description\" content=\"La malla tutora para flores mejora la distribuci\u00f3n y desarrollo de las plantas, optimiza el espacio del cultivo, facilita el proceso de corte y recolecci\u00f3n.\" \/>\n<meta property=\"og:url\" content=\"https:\/\/malla-plastica.com\/\" \/>\n<meta property=\"og:site_name\" content=\"Malla PLASTICA\" \/>\n<meta property=\"article:modified_time\" content=\"2021-08-23T18:05:34+00:00\" \/>\n<meta property=\"og:image\" content=\"https:\/\/malla-plastica.com\/wp-content\/uploads\/2016\/09\/Flor-Amapola.jpg\" \/>\n<meta name=\"twitter:card\" content=\"summary_large_image\" \/>\n<meta name=\"twitter:label1\" content=\"Tiempo de lectura\" \/>\n\t<meta name=\"twitter:data1\" content=\"3 minutos\" \/>\n<script type=\"application\/ld+json\" class=\"yoast-schema-graph\">{\"@context\":\"https:\/\/schema.org\",\"@graph\":[{\"@type\":\"WebPage\",\"@id\":\"https:\/\/malla-plastica.com\/\",\"url\":\"https:\/\/malla-plastica.com\/\",\"name\":\"La malla tutora para flores da soporte al tallo y mantiene la flor excelente\",\"isPartOf\":{\"@id\":\"https:\/\/malla-plastica.com\/#website\"},\"primaryImageOfPage\":{\"@id\":\"https:\/\/malla-plastica.com\/#primaryimage\"},\"image\":{\"@id\":\"https:\/\/malla-plastica.com\/#primaryimage\"},\"thumbnailUrl\":\"https:\/\/malla-plastica.com\/wp-content\/uploads\/2016\/09\/Flor-Amapola.jpg\",\"datePublished\":\"2016-09-15T20:28:51+00:00\",\"dateModified\":\"2021-08-23T18:05:34+00:00\",\"description\":\"La malla tutora para flores mejora la distribuci\u00f3n y desarrollo de las plantas, optimiza el espacio del cultivo, facilita el proceso de corte y recolecci\u00f3n.\",\"breadcrumb\":{\"@id\":\"https:\/\/malla-plastica.com\/#breadcrumb\"},\"inLanguage\":\"es\",\"potentialAction\":[{\"@type\":\"ReadAction\",\"target\":[\"https:\/\/malla-plastica.com\/\"]}]},{\"@type\":\"ImageObject\",\"inLanguage\":\"es\",\"@id\":\"https:\/\/malla-plastica.com\/#primaryimage\",\"url\":\"https:\/\/malla-plastica.com\/wp-content\/uploads\/2016\/09\/Flor-Amapola.jpg\",\"contentUrl\":\"https:\/\/malla-plastica.com\/wp-content\/uploads\/2016\/09\/Flor-Amapola.jpg\",\"width\":187,\"height\":231,\"caption\":\"Flor de amapola.\"},{\"@type\":\"BreadcrumbList\",\"@id\":\"https:\/\/malla-plastica.com\/#breadcrumb\",\"itemListElement\":[{\"@type\":\"ListItem\",\"position\":1,\"name\":\"Inicio\",\"item\":\"https:\/\/malla-plastica.com\/\"},{\"@type\":\"ListItem\",\"position\":2,\"name\":\"GU\u00cdA DE CULTIVO DE ADORMIDERA Y LA MALLA TUTORA PARA FLORES\"}]},{\"@type\":\"WebSite\",\"@id\":\"https:\/\/malla-plastica.com\/#website\",\"url\":\"https:\/\/malla-plastica.com\/\",\"name\":\"Malla PLASTICA\",\"description\":\"Descubre sus magn\u00edficos usos\",\"potentialAction\":[{\"@type\":\"SearchAction\",\"target\":{\"@type\":\"EntryPoint\",\"urlTemplate\":\"https:\/\/malla-plastica.com\/?s={search_term_string}\"},\"query-input\":{\"@type\":\"PropertyValueSpecification\",\"valueRequired\":true,\"valueName\":\"search_term_string\"}}],\"inLanguage\":\"es\"}]}<\/script>\n<!-- \/ Yoast SEO plugin. -->","yoast_head_json":{"title":"La malla tutora para flores da soporte al tallo y mantiene la flor excelente","description":"La malla tutora para flores mejora la distribuci\u00f3n y desarrollo de las plantas, optimiza el espacio del cultivo, facilita el proceso de corte y recolecci\u00f3n.","robots":{"index":"index","follow":"follow","max-snippet":"max-snippet:-1","max-image-preview":"max-image-preview:large","max-video-preview":"max-video-preview:-1"},"canonical":"https:\/\/malla-plastica.com\/","og_locale":"es_MX","og_type":"article","og_title":"La malla tutora para flores da soporte al tallo y mantiene la flor excelente","og_description":"La malla tutora para flores mejora la distribuci\u00f3n y desarrollo de las plantas, optimiza el espacio del cultivo, facilita el proceso de corte y recolecci\u00f3n.","og_url":"https:\/\/malla-plastica.com\/","og_site_name":"Malla PLASTICA","article_modified_time":"2021-08-23T18:05:34+00:00","og_image":[{"url":"https:\/\/malla-plastica.com\/wp-content\/uploads\/2016\/09\/Flor-Amapola.jpg","type":"","width":"","height":""}],"twitter_card":"summary_large_image","twitter_misc":{"Tiempo de lectura":"3 minutos"},"schema":{"@context":"https:\/\/schema.org","@graph":[{"@type":"WebPage","@id":"https:\/\/malla-plastica.com\/","url":"https:\/\/malla-plastica.com\/","name":"La malla tutora para flores da soporte al tallo y mantiene la flor excelente","isPartOf":{"@id":"https:\/\/malla-plastica.com\/#website"},"primaryImageOfPage":{"@id":"https:\/\/malla-plastica.com\/#primaryimage"},"image":{"@id":"https:\/\/malla-plastica.com\/#primaryimage"},"thumbnailUrl":"https:\/\/malla-plastica.com\/wp-content\/uploads\/2016\/09\/Flor-Amapola.jpg","datePublished":"2016-09-15T20:28:51+00:00","dateModified":"2021-08-23T18:05:34+00:00","description":"La malla tutora para flores mejora la distribuci\u00f3n y desarrollo de las plantas, optimiza el espacio del cultivo, facilita el proceso de corte y recolecci\u00f3n.","breadcrumb":{"@id":"https:\/\/malla-plastica.com\/#breadcrumb"},"inLanguage":"es","potentialAction":[{"@type":"ReadAction","target":["https:\/\/malla-plastica.com\/"]}]},{"@type":"ImageObject","inLanguage":"es","@id":"https:\/\/malla-plastica.com\/#primaryimage","url":"https:\/\/malla-plastica.com\/wp-content\/uploads\/2016\/09\/Flor-Amapola.jpg","contentUrl":"https:\/\/malla-plastica.com\/wp-content\/uploads\/2016\/09\/Flor-Amapola.jpg","width":187,"height":231,"caption":"Flor de amapola."},{"@type":"BreadcrumbList","@id":"https:\/\/malla-plastica.com\/#breadcrumb","itemListElement":[{"@type":"ListItem","position":1,"name":"Inicio","item":"https:\/\/malla-plastica.com\/"},{"@type":"ListItem","position":2,"name":"GU\u00cdA DE CULTIVO DE ADORMIDERA Y LA MALLA TUTORA PARA FLORES"}]},{"@type":"WebSite","@id":"https:\/\/malla-plastica.com\/#website","url":"https:\/\/malla-plastica.com\/","name":"Malla PLASTICA","description":"Descubre sus magn\u00edficos usos","potentialAction":[{"@type":"SearchAction","target":{"@type":"EntryPoint","urlTemplate":"https:\/\/malla-plastica.com\/?s={search_term_string}"},"query-input":{"@type":"PropertyValueSpecification","valueRequired":true,"valueName":"search_term_string"}}],"inLanguage":"es"}]}},"_links":{"self":[{"href":"https:\/\/malla-plastica.com\/index.php\/wp-json\/wp\/v2\/pages\/2","targetHints":{"allow":["GET"]}}],"collection":[{"href":"https:\/\/malla-plastica.com\/index.php\/wp-json\/wp\/v2\/pages"}],"about":[{"href":"https:\/\/malla-plastica.com\/index.php\/wp-json\/wp\/v2\/types\/page"}],"author":[{"embeddable":true,"href":"https:\/\/malla-plastica.com\/index.php\/wp-json\/wp\/v2\/users\/1"}],"replies":[{"embeddable":true,"href":"https:\/\/malla-plastica.com\/index.php\/wp-json\/wp\/v2\/comments?post=2"}],"version-history":[{"count":14,"href":"https:\/\/malla-plastica.com\/index.php\/wp-json\/wp\/v2\/pages\/2\/revisions"}],"predecessor-version":[{"id":31,"href":"https:\/\/malla-plastica.com\/index.php\/wp-json\/wp\/v2\/pages\/2\/revisions\/31"}],"wp:attachment":[{"href":"https:\/\/malla-plastica.com\/index.php\/wp-json\/wp\/v2\/media?parent=2"}],"curies":[{"name":"wp","href":"https:\/\/api.w.org\/{rel}","templated":true}]}}